{"id":35,"date":"2023-01-11T10:14:22","date_gmt":"2023-01-11T10:14:22","guid":{"rendered":"https:\/\/stolpersteine.buntes-meissen.de\/?page_id=35"},"modified":"2023-01-11T12:39:01","modified_gmt":"2023-01-11T12:39:01","slug":"hintergrundinformationen","status":"publish","type":"page","link":"https:\/\/www.stolpersteine-meissen.de\/?page_id=35","title":{"rendered":"Hintergrundinformationen"},"content":{"rendered":"\n<p><strong>Stolpersteine als Kunstprojekt<\/strong><\/p>\n\n\n\n<p>Der K\u00f6lner K\u00fcnstler Gunter Demnig verlegte seit 1994 europaweit \u00fcber 37.000 Stolpersteine f\u00fcr die j\u00fcdischen Opfer des Nationalsozialismus. Die Stolpersteine vor der Haust\u00fcr erinnern durch t\u00e4gliches \u201eStolpern\u201c an die betroffenen Personen. Demnig sagt: \u201eAuf dem Stolperstein bekommt das Opfer seinen Namen wieder, jedes Opfer erh\u00e4lt seinen eigenen Stein, seine Identit\u00e4t, sein Schicksal\u201c. Im Oktober 2012 wurden die ersten zwei Stolpersteine in Mei\u00dfen f\u00fcr das Ehepaar Mosszizki verlegt.<\/p>\n\n\n\n<p>Stolpersteine in Mei\u00dfen<\/p>\n\n\n\n<figure class=\"wp-block-gallery has-nested-images columns-default is-cropped wp-block-gallery-1 is-layout-flex wp-block-gallery-is-layout-flex\">\n<figure class=\"wp-block-image size-large\"><img loading=\"lazy\" decoding=\"async\" width=\"800\" height=\"751\" data-id=\"84\" src=\"https:\/\/www.stolpersteine-meissen.de\/wp-content\/uploads\/2023\/01\/Stolperstein_Bernhardt_de_Levie.jpg\" alt=\"\" class=\"wp-image-84\" srcset=\"https:\/\/www.stolpersteine-meissen.de\/wp-content\/uploads\/2023\/01\/Stolperstein_Bernhardt_de_Levie.jpg 800w, https:\/\/www.stolpersteine-meissen.de\/wp-content\/uploads\/2023\/01\/Stolperstein_Bernhardt_de_Levie-300x282.jpg 300w, https:\/\/www.stolpersteine-meissen.de\/wp-content\/uploads\/2023\/01\/Stolperstein_Bernhardt_de_Levie-768x721.jpg 768w\" sizes=\"auto, (max-width: 800px) 100vw, 800px\" \/><figcaption class=\"wp-element-caption\">Hier wohnte Bernhardt de Levie Jg. 1902 deportiert 1942 Auschwitz ermordet 17.8.1942<\/figcaption><\/figure>\n\n\n\n<figure class=\"wp-block-image size-large\"><img loading=\"lazy\" decoding=\"async\" width=\"800\" height=\"785\" data-id=\"81\" src=\"https:\/\/www.stolpersteine-meissen.de\/wp-content\/uploads\/2023\/01\/Stolperstein_Frieda_de_Levie.jpg\" alt=\"\" class=\"wp-image-81\" srcset=\"https:\/\/www.stolpersteine-meissen.de\/wp-content\/uploads\/2023\/01\/Stolperstein_Frieda_de_Levie.jpg 800w, https:\/\/www.stolpersteine-meissen.de\/wp-content\/uploads\/2023\/01\/Stolperstein_Frieda_de_Levie-300x294.jpg 300w, https:\/\/www.stolpersteine-meissen.de\/wp-content\/uploads\/2023\/01\/Stolperstein_Frieda_de_Levie-768x754.jpg 768w\" sizes=\"auto, (max-width: 800px) 100vw, 800px\" \/><figcaption class=\"wp-element-caption\">Hier wohnte Frieda de Levie geb. Levy Jg. 1910 deportiert 1942 Auschwitz ermordet 30.9.1942<\/figcaption><\/figure>\n\n\n\n<figure class=\"wp-block-image size-large\"><img loading=\"lazy\" decoding=\"async\" width=\"800\" height=\"858\" data-id=\"82\" src=\"https:\/\/www.stolpersteine-meissen.de\/wp-content\/uploads\/2023\/01\/Stolpersten_Meissen_Leo_Mosszizki.jpg\" alt=\"\" class=\"wp-image-82\" srcset=\"https:\/\/www.stolpersteine-meissen.de\/wp-content\/uploads\/2023\/01\/Stolpersten_Meissen_Leo_Mosszizki.jpg 800w, https:\/\/www.stolpersteine-meissen.de\/wp-content\/uploads\/2023\/01\/Stolpersten_Meissen_Leo_Mosszizki-280x300.jpg 280w, https:\/\/www.stolpersteine-meissen.de\/wp-content\/uploads\/2023\/01\/Stolpersten_Meissen_Leo_Mosszizki-768x824.jpg 768w\" sizes=\"auto, (max-width: 800px) 100vw, 800px\" \/><figcaption class=\"wp-element-caption\">Hier wohnte Leo Mosszizki Jg. 1893 deportiert 1943 Auschwitz ermordet 1943<\/figcaption><\/figure>\n\n\n\n<figure class=\"wp-block-image size-large\"><img loading=\"lazy\" decoding=\"async\" width=\"800\" height=\"794\" data-id=\"83\" src=\"https:\/\/www.stolpersteine-meissen.de\/wp-content\/uploads\/2023\/01\/Stolperstein_Marie_Moskowitz.jpg\" alt=\"\" class=\"wp-image-83\" srcset=\"https:\/\/www.stolpersteine-meissen.de\/wp-content\/uploads\/2023\/01\/Stolperstein_Marie_Moskowitz.jpg 800w, https:\/\/www.stolpersteine-meissen.de\/wp-content\/uploads\/2023\/01\/Stolperstein_Marie_Moskowitz-300x298.jpg 300w, https:\/\/www.stolpersteine-meissen.de\/wp-content\/uploads\/2023\/01\/Stolperstein_Marie_Moskowitz-150x150.jpg 150w, https:\/\/www.stolpersteine-meissen.de\/wp-content\/uploads\/2023\/01\/Stolperstein_Marie_Moskowitz-768x762.jpg 768w\" sizes=\"auto, (max-width: 800px) 100vw, 800px\" \/><figcaption class=\"wp-element-caption\">Hier wohnte Marie Moskowitz Jg. 1863 gedem\u00fctigt \/ entrechtet Flucht in den Tod 23.4.1942<\/figcaption><\/figure>\n\n\n\n<figure class=\"wp-block-image size-large\"><img loading=\"lazy\" decoding=\"async\" width=\"800\" height=\"812\" data-id=\"80\" src=\"https:\/\/www.stolpersteine-meissen.de\/wp-content\/uploads\/2023\/01\/Stolperstein_Meissen_Regina_Mosszizki.jpg\" alt=\"\" class=\"wp-image-80\" srcset=\"https:\/\/www.stolpersteine-meissen.de\/wp-content\/uploads\/2023\/01\/Stolperstein_Meissen_Regina_Mosszizki.jpg 800w, https:\/\/www.stolpersteine-meissen.de\/wp-content\/uploads\/2023\/01\/Stolperstein_Meissen_Regina_Mosszizki-296x300.jpg 296w, https:\/\/www.stolpersteine-meissen.de\/wp-content\/uploads\/2023\/01\/Stolperstein_Meissen_Regina_Mosszizki-768x780.jpg 768w\" sizes=\"auto, (max-width: 800px) 100vw, 800px\" \/><figcaption class=\"wp-element-caption\">Hier wohnte Regina Mosszizki geb. Edelmann Jg. 1896 deportiert 1943 Auschwitz ermordet 1943<\/figcaption><\/figure>\n\n\n\n<figure class=\"wp-block-image size-large\"><img loading=\"lazy\" decoding=\"async\" width=\"800\" height=\"785\" data-id=\"79\" src=\"https:\/\/www.stolpersteine-meissen.de\/wp-content\/uploads\/2023\/01\/Stolperstein_Rosa_Cohn.jpg\" alt=\"\" class=\"wp-image-79\" srcset=\"https:\/\/www.stolpersteine-meissen.de\/wp-content\/uploads\/2023\/01\/Stolperstein_Rosa_Cohn.jpg 800w, https:\/\/www.stolpersteine-meissen.de\/wp-content\/uploads\/2023\/01\/Stolperstein_Rosa_Cohn-300x294.jpg 300w, https:\/\/www.stolpersteine-meissen.de\/wp-content\/uploads\/2023\/01\/Stolperstein_Rosa_Cohn-768x754.jpg 768w\" sizes=\"auto, (max-width: 800px) 100vw, 800px\" \/><figcaption class=\"wp-element-caption\">Hier wohnte Rosa Cohn Jg. 1894 deportiert 1943 Riga ermordet 1.10.1944 Stutthof<\/figcaption><\/figure>\n\n\n\n<figure class=\"wp-block-image size-large\"><img loading=\"lazy\" decoding=\"async\" width=\"800\" height=\"800\" data-id=\"69\" src=\"https:\/\/www.stolpersteine-meissen.de\/wp-content\/uploads\/2023\/01\/Stolperstein_fuer_Elisabeth_Heymann_Elbstrasse_32_Meissen.jpg\" alt=\"\" class=\"wp-image-69\" srcset=\"https:\/\/www.stolpersteine-meissen.de\/wp-content\/uploads\/2023\/01\/Stolperstein_fuer_Elisabeth_Heymann_Elbstrasse_32_Meissen.jpg 800w, https:\/\/www.stolpersteine-meissen.de\/wp-content\/uploads\/2023\/01\/Stolperstein_fuer_Elisabeth_Heymann_Elbstrasse_32_Meissen-300x300.jpg 300w, https:\/\/www.stolpersteine-meissen.de\/wp-content\/uploads\/2023\/01\/Stolperstein_fuer_Elisabeth_Heymann_Elbstrasse_32_Meissen-150x150.jpg 150w, https:\/\/www.stolpersteine-meissen.de\/wp-content\/uploads\/2023\/01\/Stolperstein_fuer_Elisabeth_Heymann_Elbstrasse_32_Meissen-768x768.jpg 768w, https:\/\/www.stolpersteine-meissen.de\/wp-content\/uploads\/2023\/01\/Stolperstein_fuer_Elisabeth_Heymann_Elbstrasse_32_Meissen-570x570.jpg 570w, https:\/\/www.stolpersteine-meissen.de\/wp-content\/uploads\/2023\/01\/Stolperstein_fuer_Elisabeth_Heymann_Elbstrasse_32_Meissen-380x380.jpg 380w, https:\/\/www.stolpersteine-meissen.de\/wp-content\/uploads\/2023\/01\/Stolperstein_fuer_Elisabeth_Heymann_Elbstrasse_32_Meissen-285x285.jpg 285w\" sizes=\"auto, (max-width: 800px) 100vw, 800px\" \/><figcaption class=\"wp-element-caption\">Hier wohnte Elisabeth Heymann geb. Oppenheimer Jg. 1875 unfreiwillig verzogen 1938 Dresden deportiert 1942 Theresienstadt ermordet 6.3.1943<\/figcaption><\/figure>\n\n\n\n<figure class=\"wp-block-image size-large\"><img loading=\"lazy\" decoding=\"async\" width=\"800\" height=\"803\" data-id=\"70\" src=\"https:\/\/www.stolpersteine-meissen.de\/wp-content\/uploads\/2023\/01\/Stolperstein_fuer_Marie_Auguste_Sachs_Elbstrasse_26_Meissen.jpg\" alt=\"\" class=\"wp-image-70\" srcset=\"https:\/\/www.stolpersteine-meissen.de\/wp-content\/uploads\/2023\/01\/Stolperstein_fuer_Marie_Auguste_Sachs_Elbstrasse_26_Meissen.jpg 800w, https:\/\/www.stolpersteine-meissen.de\/wp-content\/uploads\/2023\/01\/Stolperstein_fuer_Marie_Auguste_Sachs_Elbstrasse_26_Meissen-300x300.jpg 300w, https:\/\/www.stolpersteine-meissen.de\/wp-content\/uploads\/2023\/01\/Stolperstein_fuer_Marie_Auguste_Sachs_Elbstrasse_26_Meissen-150x150.jpg 150w, https:\/\/www.stolpersteine-meissen.de\/wp-content\/uploads\/2023\/01\/Stolperstein_fuer_Marie_Auguste_Sachs_Elbstrasse_26_Meissen-768x771.jpg 768w, https:\/\/www.stolpersteine-meissen.de\/wp-content\/uploads\/2023\/01\/Stolperstein_fuer_Marie_Auguste_Sachs_Elbstrasse_26_Meissen-380x380.jpg 380w, https:\/\/www.stolpersteine-meissen.de\/wp-content\/uploads\/2023\/01\/Stolperstein_fuer_Marie_Auguste_Sachs_Elbstrasse_26_Meissen-285x285.jpg 285w\" sizes=\"auto, (max-width: 800px) 100vw, 800px\" \/><figcaption class=\"wp-element-caption\">Hier wohnte Marie Auguste Sachs Geb. Krause Jg. 1860 deportiert 1942 Theresienstadt ermordet 31.3.1943<\/figcaption><\/figure>\n\n\n\n<figure class=\"wp-block-image size-large\"><img loading=\"lazy\" decoding=\"async\" width=\"800\" height=\"800\" data-id=\"71\" src=\"https:\/\/www.stolpersteine-meissen.de\/wp-content\/uploads\/2023\/01\/Stolperstein_fuer_Wilhelm_Heymann_Elbstrasse_32_Meissen.jpg\" alt=\"\" class=\"wp-image-71\" srcset=\"https:\/\/www.stolpersteine-meissen.de\/wp-content\/uploads\/2023\/01\/Stolperstein_fuer_Wilhelm_Heymann_Elbstrasse_32_Meissen.jpg 800w, https:\/\/www.stolpersteine-meissen.de\/wp-content\/uploads\/2023\/01\/Stolperstein_fuer_Wilhelm_Heymann_Elbstrasse_32_Meissen-300x300.jpg 300w, https:\/\/www.stolpersteine-meissen.de\/wp-content\/uploads\/2023\/01\/Stolperstein_fuer_Wilhelm_Heymann_Elbstrasse_32_Meissen-150x150.jpg 150w, https:\/\/www.stolpersteine-meissen.de\/wp-content\/uploads\/2023\/01\/Stolperstein_fuer_Wilhelm_Heymann_Elbstrasse_32_Meissen-768x768.jpg 768w, https:\/\/www.stolpersteine-meissen.de\/wp-content\/uploads\/2023\/01\/Stolperstein_fuer_Wilhelm_Heymann_Elbstrasse_32_Meissen-570x570.jpg 570w, https:\/\/www.stolpersteine-meissen.de\/wp-content\/uploads\/2023\/01\/Stolperstein_fuer_Wilhelm_Heymann_Elbstrasse_32_Meissen-380x380.jpg 380w, https:\/\/www.stolpersteine-meissen.de\/wp-content\/uploads\/2023\/01\/Stolperstein_fuer_Wilhelm_Heymann_Elbstrasse_32_Meissen-285x285.jpg 285w\" sizes=\"auto, (max-width: 800px) 100vw, 800px\" \/><figcaption class=\"wp-element-caption\">Hier wohnte Wilhelm Heymann Jg. 1874 Opfer des Pogroms unfreiwillig verzogen 1938 Dresden deportiert 1942 Theresienstadt ermordet 15.5.1944<\/figcaption><\/figure>\n<\/figure>\n\n\n\n<p><\/p>\n","protected":false},"excerpt":{"rendered":"<p>Stolpersteine als Kunstprojekt Der K\u00f6lner K\u00fcnstler Gunter Demnig verlegte seit 1994 europaweit \u00fcber 37.000 Stolpersteine f\u00fcr die j\u00fcdischen Opfer des Nationalsozialismus. Die Stolpersteine vor der Haust\u00fcr erinnern durch t\u00e4gliches \u201eStolpern\u201c an die betroffenen Personen. Demnig sagt: \u201eAuf dem Stolperstein bekommt das Opfer seinen Namen wieder, jedes Opfer erh\u00e4lt seinen eigenen Stein, seine Identit\u00e4t, sein Schicksal\u201c.<\/p>\n<p><a href=\"https:\/\/www.stolpersteine-meissen.de\/?page_id=35\" class=\"more-link themebutton\">Read More<\/a><\/p>\n","protected":false},"author":1,"featured_media":0,"parent":0,"menu_order":1,"comment_status":"closed","ping_status":"closed","template":"","meta":{"footnotes":""},"class_list":["post-35","page","type-page","status-publish","hentry"],"_links":{"self":[{"href":"https:\/\/www.stolpersteine-meissen.de\/index.php?rest_route=\/wp\/v2\/pages\/35","targetHints":{"allow":["GET"]}}],"collection":[{"href":"https:\/\/www.stolpersteine-meissen.de\/index.php?rest_route=\/wp\/v2\/pages"}],"about":[{"href":"https:\/\/www.stolpersteine-meissen.de\/index.php?rest_route=\/wp\/v2\/types\/page"}],"author":[{"embeddable":true,"href":"https:\/\/www.stolpersteine-meissen.de\/index.php?rest_route=\/wp\/v2\/users\/1"}],"replies":[{"embeddable":true,"href":"https:\/\/www.stolpersteine-meissen.de\/index.php?rest_route=%2Fwp%2Fv2%2Fcomments&post=35"}],"version-history":[{"count":4,"href":"https:\/\/www.stolpersteine-meissen.de\/index.php?rest_route=\/wp\/v2\/pages\/35\/revisions"}],"predecessor-version":[{"id":85,"href":"https:\/\/www.stolpersteine-meissen.de\/index.php?rest_route=\/wp\/v2\/pages\/35\/revisions\/85"}],"wp:attachment":[{"href":"https:\/\/www.stolpersteine-meissen.de\/index.php?rest_route=%2Fwp%2Fv2%2Fmedia&parent=35"}],"curies":[{"name":"wp","href":"https:\/\/api.w.org\/{rel}","templated":true}]}}