{"id":39,"date":"2023-01-11T10:17:05","date_gmt":"2023-01-11T10:17:05","guid":{"rendered":"https:\/\/stolpersteine.buntes-meissen.de\/?page_id=39"},"modified":"2023-01-11T11:49:06","modified_gmt":"2023-01-11T11:49:06","slug":"unterstuetzt-uns","status":"publish","type":"page","link":"https:\/\/www.stolpersteine-meissen.de\/?page_id=39","title":{"rendered":"Unterst\u00fctzt uns"},"content":{"rendered":"\n<p><strong>Unterst\u00fctzen Sie uns \u2500 werden Sie Pate !<\/strong><\/p>\n\n\n\n<p>Sch\u00fctzen auch Sie die j\u00fcdischen Opfer vor dem Vergessen und unterst\u00fctzen Sie unsere Initiative mit einer Patenschaft mit 120 Euro pro Stolperstein. Geben Sie den Personen ein Gesicht. Jede Unterst\u00fctzung z\u00e4hlt: Kennen Sie Personen oder Institutionen, die bei der Aufarbeitung helfen k\u00f6nnten? Zeigen Sie selbst, dass auch Ihnen das Erinnern an diese Menschen am Herzen liegt.<\/p>\n\n\n\n<p><strong>Spendenkonto<\/strong><\/p>\n\n\n\n<p>IBAN: DE 92 8509 5004 7792 6810 04<br>BIC: GENODEF1MEI<br>Volksbank Raiffeisenbank Mei\u00dfen Gro\u00dfenhain<br>Verwendungszweck: RT2300\/Stolpersteine, Mei\u00dfen, Germany<\/p>\n","protected":false},"excerpt":{"rendered":"<p>Unterst\u00fctzen Sie uns \u2500 werden Sie Pate ! Sch\u00fctzen auch Sie die j\u00fcdischen Opfer vor dem Vergessen und unterst\u00fctzen Sie unsere Initiative mit einer Patenschaft mit 120 Euro pro Stolperstein. Geben Sie den Personen ein Gesicht. Jede Unterst\u00fctzung z\u00e4hlt: Kennen Sie Personen oder Institutionen, die bei der Aufarbeitung helfen k\u00f6nnten? Zeigen Sie selbst, dass auch<\/p>\n<p><a href=\"https:\/\/www.stolpersteine-meissen.de\/?page_id=39\" class=\"more-link themebutton\">Read More<\/a><\/p>\n","protected":false},"author":1,"featured_media":0,"parent":0,"menu_order":0,"comment_status":"closed","ping_status":"closed","template":"","meta":{"footnotes":""},"class_list":["post-39","page","type-page","status-publish","hentry"],"_links":{"self":[{"href":"https:\/\/www.stolpersteine-meissen.de\/index.php?rest_route=\/wp\/v2\/pages\/39","targetHints":{"allow":["GET"]}}],"collection":[{"href":"https:\/\/www.stolpersteine-meissen.de\/index.php?rest_route=\/wp\/v2\/pages"}],"about":[{"href":"https:\/\/www.stolpersteine-meissen.de\/index.php?rest_route=\/wp\/v2\/types\/page"}],"author":[{"embeddable":true,"href":"https:\/\/www.stolpersteine-meissen.de\/index.php?rest_route=\/wp\/v2\/users\/1"}],"replies":[{"embeddable":true,"href":"https:\/\/www.stolpersteine-meissen.de\/index.php?rest_route=%2Fwp%2Fv2%2Fcomments&post=39"}],"version-history":[{"count":2,"href":"https:\/\/www.stolpersteine-meissen.de\/index.php?rest_route=\/wp\/v2\/pages\/39\/revisions"}],"predecessor-version":[{"id":66,"href":"https:\/\/www.stolpersteine-meissen.de\/index.php?rest_route=\/wp\/v2\/pages\/39\/revisions\/66"}],"wp:attachment":[{"href":"https:\/\/www.stolpersteine-meissen.de\/index.php?rest_route=%2Fwp%2Fv2%2Fmedia&parent=39"}],"curies":[{"name":"wp","href":"https:\/\/api.w.org\/{rel}","templated":true}]}}